{"id":948,"date":"2016-07-15T14:19:13","date_gmt":"2016-07-15T14:19:13","guid":{"rendered":"http:\/\/test.kriesi.at\/enfold-medical\/?page_id=948"},"modified":"2023-08-01T12:24:17","modified_gmt":"2023-08-01T12:24:17","slug":"team","status":"publish","type":"page","link":"https:\/\/laboratoriosiac.cl\/index.php\/our-clinic\/team\/","title":{"rendered":"Team"},"content":{"rendered":"<div id='av-layout-grid-1'  class='av-layout-grid-container av-86adc4-915a36292e78a638909b666aed8acf39 entry-content-wrapper main_color av-flex-cells  avia-builder-el-0  el_before_av_section  avia-builder-el-first   container_wrap sidebar_right'  >\n\n<style type=\"text\/css\" data-created_by=\"avia_inline_auto\" id=\"style-css-av-swp8k-f6c73470fdd73b1906d9f8a9377daa1b\">\n.flex_cell.av-swp8k-f6c73470fdd73b1906d9f8a9377daa1b{\nvertical-align:middle;\nheight:500px;\nmin-height:500px;\npadding:0px 0px 0px 0px;\nbackground:url(https:\/\/laboratoriosiac.cl\/wp-content\/uploads\/2023\/04\/Nuestro-equipo-scaled.jpg) 50% 0% no-repeat scroll #b02b2c;\n}\n<\/style>\n<div class='flex_cell av-swp8k-f6c73470fdd73b1906d9f8a9377daa1b av-gridrow-cell av_one_half no_margin  avia-builder-el-1  el_before_av_cell_one_half  avia-builder-el-first  av-zero-padding avia-full-stretch' ><div class='flex_cell_inner'><\/div><\/div>\n<style type=\"text\/css\" data-created_by=\"avia_inline_auto\" id=\"style-css-av-sez4c-677b7c960b90ba686a92424dff01a3dc\">\n.flex_cell.av-sez4c-677b7c960b90ba686a92424dff01a3dc{\nvertical-align:middle;\nheight:500px;\nmin-height:500px;\npadding:80px 80px 80px 80px;\nbackground-color:#b02b2c;\n}\n<\/style>\n<div class='flex_cell av-sez4c-677b7c960b90ba686a92424dff01a3dc av-gridrow-cell av_one_half no_margin  avia-builder-el-2  el_after_av_cell_one_half  avia-builder-el-last ' ><div class='flex_cell_inner'><p>\n<style type=\"text\/css\" data-created_by=\"avia_inline_auto\" id=\"style-css-av-7rfcj8-4931740bbd1f57b5e2e1b8fa9e455776\">\n#top .av-special-heading.av-7rfcj8-4931740bbd1f57b5e2e1b8fa9e455776{\npadding-bottom:25px;\ncolor:#ffffff;\nfont-size:34px;\n}\nbody .av-special-heading.av-7rfcj8-4931740bbd1f57b5e2e1b8fa9e455776 .av-special-heading-tag .heading-char{\nfont-size:25px;\n}\n#top #wrap_all .av-special-heading.av-7rfcj8-4931740bbd1f57b5e2e1b8fa9e455776 .av-special-heading-tag{\nfont-size:34px;\n}\n.av-special-heading.av-7rfcj8-4931740bbd1f57b5e2e1b8fa9e455776 .special-heading-inner-border{\nborder-color:#ffffff;\n}\n.av-special-heading.av-7rfcj8-4931740bbd1f57b5e2e1b8fa9e455776 .av-subheading{\nfont-size:15px;\n}\n<\/style>\n<div  class='av-special-heading av-7rfcj8-4931740bbd1f57b5e2e1b8fa9e455776 av-special-heading-h3 custom-color-heading blockquote modern-quote  avia-builder-el-3  el_before_av_textblock  avia-builder-el-first  av-inherit-size'><div class='av_custom_color av-subheading av-subheading_above'><p>El liderazgo es importante<\/p>\n<\/div><h3 class='av-special-heading-tag'  itemprop=\"headline\"  >Nuestro equipo es el mejor en su especialidad<\/h3><div class=\"special-heading-border\"><div class=\"special-heading-inner-border\"><\/div><\/div><\/div><br \/>\n\n<style type=\"text\/css\" data-created_by=\"avia_inline_auto\" id=\"style-css-av-7l6ejg-2dfafa1dc06f7a2584b8b840eceeeab4\">\n#top .av_textblock_section.av-7l6ejg-2dfafa1dc06f7a2584b8b840eceeeab4 .avia_textblock{\ncolor:#ffffff;\n}\n<\/style>\n<section  class='av_textblock_section av-7l6ejg-2dfafa1dc06f7a2584b8b840eceeeab4'  itemscope=\"itemscope\" itemtype=\"https:\/\/schema.org\/CreativeWork\" ><div class='avia_textblock av_inherit_color'  itemprop=\"text\" ><p>En <strong>Laboratorio SIAC<\/strong>, nuestro equipo est\u00e1 conformado por profesionales altamente capacitados y apasionados por la salud de nuestros pacientes. Trabajamos con dedicaci\u00f3n y precisi\u00f3n para brindar atenci\u00f3n de calidad en cada an\u00e1lisis cl\u00ednico y examen m\u00e9dico. Tu bienestar es nuestra m\u00e1xima prioridad. Conf\u00eda en nosotros para cuidar de ti y tu salud.<\/p>\n<\/div><\/section><\/p>\n<\/div><\/div><\/div><div id='av_section_1'  class='avia-section av-7e2pak-cdc7b9d302c3cf50aa924b2275f316df main_color avia-section-huge avia-no-border-styling  avia-builder-el-5  el_after_av_layout_row  el_before_av_layout_row  avia-bg-style-scroll container_wrap sidebar_right'  ><div class='container av-section-cont-open' ><div class='template-page content  av-content-small alpha units'><div class='post-entry post-entry-type-page post-entry-948'><div class='entry-content-wrapper clearfix'>\n<div class='flex_column_table av-799ml0-f06bad9dfa8d3722f537ce7786665c7f sc-av_one_third av-equal-height-column-flextable'>\n<style type=\"text\/css\" data-created_by=\"avia_inline_auto\" id=\"style-css-av-799ml0-f06bad9dfa8d3722f537ce7786665c7f\">\n#top .flex_column_table.av-equal-height-column-flextable.av-799ml0-f06bad9dfa8d3722f537ce7786665c7f{\nmargin-top:-200px;\nmargin-bottom:0px;\n}\n.flex_column.av-799ml0-f06bad9dfa8d3722f537ce7786665c7f{\n-webkit-border-radius:0px 0px 0px 0px;\n-moz-border-radius:0px 0px 0px 0px;\nborder-radius:0px 0px 0px 0px;\npadding:40px 40px 40px 40px;\n}\n<\/style>\n<div class='flex_column av-799ml0-f06bad9dfa8d3722f537ce7786665c7f av_one_third  avia-builder-el-6  el_before_av_one_third  avia-builder-el-first  first no_margin flex_column_table_cell av-equal-height-column av-align-top '     ><\/div>\n<style type=\"text\/css\" data-created_by=\"avia_inline_auto\" id=\"style-css-av-71o5oc-9dc5ae7b71bc7e5e21ecb833ed77f8d7\">\n#top .flex_column_table.av-equal-height-column-flextable.av-71o5oc-9dc5ae7b71bc7e5e21ecb833ed77f8d7{\nmargin-top:-200px;\nmargin-bottom:0px;\n}\n.flex_column.av-71o5oc-9dc5ae7b71bc7e5e21ecb833ed77f8d7{\n-webkit-border-radius:0px 0px 0px 0px;\n-moz-border-radius:0px 0px 0px 0px;\nborder-radius:0px 0px 0px 0px;\npadding:40px 40px 40px 40px;\nbackground-color:#b02b2c;\n}\n<\/style>\n<div class='flex_column av-71o5oc-9dc5ae7b71bc7e5e21ecb833ed77f8d7 av_one_third  avia-builder-el-7  el_after_av_one_third  el_before_av_one_third  no_margin flex_column_table_cell av-equal-height-column av-align-top '     ><p>\n<style type=\"text\/css\" data-created_by=\"avia_inline_auto\" id=\"style-css-av-6vwkok-8f528701ef887d082985a711b8b88bc4\">\n.av_font_icon.av-6vwkok-8f528701ef887d082985a711b8b88bc4{\ncolor:#ffffff;\nborder-color:#ffffff;\n}\n.av_font_icon.av-6vwkok-8f528701ef887d082985a711b8b88bc4 .av-icon-char{\nfont-size:60px;\nline-height:60px;\n}\n<\/style>\n<span  class='av_font_icon av-6vwkok-8f528701ef887d082985a711b8b88bc4 avia_animate_when_visible av-icon-style- avia-icon-pos-center avia-icon-animate'><span class='av-icon-char' aria-hidden='true' data-av_icon='\ue80b' data-av_iconfont='entypo-fontello' ><\/span><\/span><br \/>\n\n<style type=\"text\/css\" data-created_by=\"avia_inline_auto\" id=\"style-css-av-6nje38-14efb326d269d5c556de218f6c1969f9\">\n#top .hr.hr-invisible.av-6nje38-14efb326d269d5c556de218f6c1969f9{\nheight:20px;\n}\n<\/style>\n<div  class='hr av-6nje38-14efb326d269d5c556de218f6c1969f9 hr-invisible  avia-builder-el-9  el_after_av_font_icon  el_before_av_textblock '><span class='hr-inner '><span class=\"hr-inner-style\"><\/span><\/span><\/div><br \/>\n\n<style type=\"text\/css\" data-created_by=\"avia_inline_auto\" id=\"style-css-av-6lfpjw-f6dcc88b60329eb812663930d3a4d4ea\">\n#top .av_textblock_section.av-6lfpjw-f6dcc88b60329eb812663930d3a4d4ea .avia_textblock{\ncolor:#ffffff;\n}\n<\/style>\n<section  class='av_textblock_section av-6lfpjw-f6dcc88b60329eb812663930d3a4d4ea'  itemscope=\"itemscope\" itemtype=\"https:\/\/schema.org\/CreativeWork\" ><div class='avia_textblock av_inherit_color'  itemprop=\"text\" ><h4 style=\"text-align: center;\">Equipo<\/h4>\n<p style=\"text-align: center;\">Nuestro equipo en Laboratorio SIAC: Comprometidos con tu salud.<\/p>\n<\/div><\/section><br \/>\n\n<style type=\"text\/css\" data-created_by=\"avia_inline_auto\" id=\"style-css-av-6fwjss-1021c636de1e43adc3da69009d8807ad\">\n#top .hr.hr-invisible.av-6fwjss-1021c636de1e43adc3da69009d8807ad{\nheight:8px;\n}\n<\/style>\n<div  class='hr av-6fwjss-1021c636de1e43adc3da69009d8807ad hr-invisible  avia-builder-el-11  el_after_av_textblock  el_before_av_button '><span class='hr-inner '><span class=\"hr-inner-style\"><\/span><\/span><\/div><br \/>\n<div  class='avia-button-wrap av-67lzcc-0674a1bfc69f15114ff6a54dde394747-wrap avia-button-center  avia-builder-el-12  el_after_av_hr  avia-builder-el-last ' ><a href='#'  class='avia-button av-67lzcc-0674a1bfc69f15114ff6a54dde394747 avia-icon_select-no avia-size-medium avia-position-center avia-color-light' ><span class='avia_iconbox_title' >Quieres formar parte<\/span><\/a><\/div><\/p><\/div>\n<style type=\"text\/css\" data-created_by=\"avia_inline_auto\" id=\"style-css-av-649z4k-e9f9cfa1d8a2f5dd8c70e993f2c68dfd\">\n#top .flex_column_table.av-equal-height-column-flextable.av-649z4k-e9f9cfa1d8a2f5dd8c70e993f2c68dfd{\nmargin-top:-200px;\nmargin-bottom:0px;\n}\n.flex_column.av-649z4k-e9f9cfa1d8a2f5dd8c70e993f2c68dfd{\n-webkit-border-radius:0px 0px 0px 0px;\n-moz-border-radius:0px 0px 0px 0px;\nborder-radius:0px 0px 0px 0px;\npadding:40px 40px 40px 40px;\n}\n<\/style>\n<div class='flex_column av-649z4k-e9f9cfa1d8a2f5dd8c70e993f2c68dfd av_one_third  avia-builder-el-13  el_after_av_one_third  el_before_av_one_half  no_margin flex_column_table_cell av-equal-height-column av-align-top '     ><\/div><\/div><!--close column table wrapper. Autoclose: 1 -->\n<style type=\"text\/css\" data-created_by=\"avia_inline_auto\" id=\"style-css-av-lbupg-730b4858d563e35df3ae546b70da72f7\">\n.flex_column.av-lbupg-730b4858d563e35df3ae546b70da72f7{\n-webkit-border-radius:0px 0px 0px 0px;\n-moz-border-radius:0px 0px 0px 0px;\nborder-radius:0px 0px 0px 0px;\n}\n<\/style>\n<div class='flex_column av-lbupg-730b4858d563e35df3ae546b70da72f7 av_one_half  avia-builder-el-14  el_after_av_one_third  el_before_av_one_half  first flex_column_div av-animated-generic bottom-to-top av-zero-column-padding column-top-margin'     ><p>\n<style type=\"text\/css\" data-created_by=\"avia_inline_auto\" id=\"style-css-av-efhck-db9d364b7cb0309c337138963c780402\">\n#top .av-special-heading.av-efhck-db9d364b7cb0309c337138963c780402{\npadding-bottom:20px;\nfont-size:34px;\n}\nbody .av-special-heading.av-efhck-db9d364b7cb0309c337138963c780402 .av-special-heading-tag .heading-char{\nfont-size:25px;\n}\n#top #wrap_all .av-special-heading.av-efhck-db9d364b7cb0309c337138963c780402 .av-special-heading-tag{\nfont-size:34px;\n}\n.av-special-heading.av-efhck-db9d364b7cb0309c337138963c780402 .av-subheading{\nfont-size:15px;\n}\n<\/style>\n<div  class='av-special-heading av-efhck-db9d364b7cb0309c337138963c780402 av-special-heading-h3 blockquote modern-quote  avia-builder-el-15  el_before_av_textblock  avia-builder-el-first  av-inherit-size'><div class='av-subheading av-subheading_above'><p>Comprometidos con tu salud.<\/p>\n<\/div><h3 class='av-special-heading-tag'  itemprop=\"headline\"  >Nuestro equipo en Laboratorio SIAC<\/h3><div class=\"special-heading-border\"><div class=\"special-heading-inner-border\"><\/div><\/div><\/div><br \/>\n<section  class='av_textblock_section av-5hy4us-df5c3491f62dd581a78fed7853170d13'  itemscope=\"itemscope\" itemtype=\"https:\/\/schema.org\/CreativeWork\" ><div class='avia_textblock'  itemprop=\"text\" ><p>Nuestro equipo en <strong>Laboratorio SIAC<\/strong> es nuestro mayor orgullo. Est\u00e1 conformado por profesionales altamente capacitados y apasionados por la salud de nuestros pacientes. Cada miembro de nuestro equipo est\u00e1 comprometido con brindar atenci\u00f3n de calidad y precisi\u00f3n en cada an\u00e1lisis cl\u00ednico y examen m\u00e9dico. Trabajamos de manera colaborativa para garantizar que cada paciente reciba el mejor cuidado posible. En <strong>Laboratorio SIAC<\/strong>, valoramos el compromiso, la dedicaci\u00f3n y la vocaci\u00f3n de servicio de nuestro equipo, lo que nos permite mantenernos a la vanguardia en el campo de la medicina diagn\u00f3stica. Conf\u00eda en nosotros para tu salud, porque en <strong>Laboratorio SIAC<\/strong>, el bienestar de nuestros pacientes es nuestra m\u00e1xima prioridad.<\/p>\n<\/div><\/section><\/p><\/div>\n<style type=\"text\/css\" data-created_by=\"avia_inline_auto\" id=\"style-css-av-5ggwyk-13f56e4cf3c028cc248b00cb44eee83b\">\n.flex_column.av-5ggwyk-13f56e4cf3c028cc248b00cb44eee83b{\n-webkit-border-radius:0px 0px 0px 0px;\n-moz-border-radius:0px 0px 0px 0px;\nborder-radius:0px 0px 0px 0px;\n}\n<\/style>\n<div class='flex_column av-5ggwyk-13f56e4cf3c028cc248b00cb44eee83b av_one_half  avia-builder-el-17  el_after_av_one_half  avia-builder-el-last  flex_column_div av-animated-generic bottom-to-top av-zero-column-padding column-top-margin'     ><p>\n<style type=\"text\/css\" data-created_by=\"avia_inline_auto\" id=\"style-css-av-8ji6c-a116e744e0f5581e7146db7104486046\">\n#top .av-special-heading.av-8ji6c-a116e744e0f5581e7146db7104486046{\npadding-bottom:20px;\nfont-size:34px;\n}\nbody .av-special-heading.av-8ji6c-a116e744e0f5581e7146db7104486046 .av-special-heading-tag .heading-char{\nfont-size:25px;\n}\n#top #wrap_all .av-special-heading.av-8ji6c-a116e744e0f5581e7146db7104486046 .av-special-heading-tag{\nfont-size:34px;\n}\n.av-special-heading.av-8ji6c-a116e744e0f5581e7146db7104486046 .av-subheading{\nfont-size:15px;\n}\n<\/style>\n<div  class='av-special-heading av-8ji6c-a116e744e0f5581e7146db7104486046 av-special-heading-h3 blockquote modern-quote  avia-builder-el-18  el_before_av_textblock  avia-builder-el-first  av-inherit-size'><div class='av-subheading av-subheading_above'><p>Laboratorio SIAC<\/p>\n<\/div><h3 class='av-special-heading-tag'  itemprop=\"headline\"  >Toma de muestras confiable y segura<\/h3><div class=\"special-heading-border\"><div class=\"special-heading-inner-border\"><\/div><\/div><\/div><br \/>\n<section  class='av_textblock_section av-4z7ruk-10c455b2600e21f1d7c1890c62f2204e'  itemscope=\"itemscope\" itemtype=\"https:\/\/schema.org\/CreativeWork\" ><div class='avia_textblock'  itemprop=\"text\" ><p>En <strong>Laboratorio SIAC<\/strong>, entendemos la importancia de una adecuada toma de muestras para garantizar resultados precisos en los an\u00e1lisis cl\u00ednicos. Nuestro equipo de profesionales altamente capacitados y experimentados en la t\u00e9cnica de recolecci\u00f3n de muestras se asegurar\u00e1 de que el proceso sea realizado de manera confiable y segura. Cumplimos rigurosamente con los protocolos de bioseguridad y garantizamos que cada muestra sea manipulada adecuadamente, desde su recolecci\u00f3n hasta su procesamiento en el laboratorio. La confianza y precisi\u00f3n en nuestros resultados comienzan con una toma de muestras cuidadosa, y en Laboratorio SIAC, nos comprometemos a brindarte el mejor servicio desde el primer paso del proceso. Conf\u00eda en nosotros para tus an\u00e1lisis cl\u00ednicos y experimenta una toma de muestras profesional y confiable en todo momento.<\/p>\n<\/div><\/section><\/p><\/div><\/div><\/div><\/div><!-- close content main div --><\/div><\/div><div id='av-layout-grid-2'  class='av-layout-grid-container av-17lz90-fc30087efdc66f6f79e90819387c3b14 entry-content-wrapper main_color av-flex-cells  avia-builder-el-20  el_after_av_section  avia-builder-el-last  grid-row-not-first  container_wrap sidebar_right'  >\n\n<style type=\"text\/css\" data-created_by=\"avia_inline_auto\" id=\"style-css-av-13mv8s-055f4e4b91dff68f2567a85fe170b14e\">\n.flex_cell.av-13mv8s-055f4e4b91dff68f2567a85fe170b14e{\nvertical-align:middle;\nheight:500px;\nmin-height:500px;\npadding:0px 0px 0px 0px;\nbackground:url(https:\/\/laboratoriosiac.cl\/wp-content\/uploads\/2023\/04\/Sala-de-proceso-scaled.jpg) 0% 0% no-repeat scroll #b02b2c;\n}\n<\/style>\n<div class='flex_cell av-13mv8s-055f4e4b91dff68f2567a85fe170b14e av-gridrow-cell av_one_half no_margin  avia-builder-el-21  el_before_av_cell_one_half  avia-builder-el-first  av-zero-padding avia-full-stretch' ><div class='flex_cell_inner'><\/div><\/div>\n<style type=\"text\/css\" data-created_by=\"avia_inline_auto\" id=\"style-css-av-z22dg-37260ebf2e0fbf1e97e8ac84e573a62f\">\n.flex_cell.av-z22dg-37260ebf2e0fbf1e97e8ac84e573a62f{\nvertical-align:middle;\nheight:500px;\nmin-height:500px;\npadding:80px 80px 80px 80px;\nbackground-color:#b02b2c;\n}\n<\/style>\n<div class='flex_cell av-z22dg-37260ebf2e0fbf1e97e8ac84e573a62f av-gridrow-cell av_one_half no_margin  avia-builder-el-22  el_after_av_cell_one_half  avia-builder-el-last ' ><div class='flex_cell_inner'><p>\n<style type=\"text\/css\" data-created_by=\"avia_inline_auto\" id=\"style-css-av-pqnj0-92388a6c1832cc506864cf687c1301c4\">\n#top .av-special-heading.av-pqnj0-92388a6c1832cc506864cf687c1301c4{\npadding-bottom:25px;\ncolor:#ffffff;\nfont-size:34px;\n}\nbody .av-special-heading.av-pqnj0-92388a6c1832cc506864cf687c1301c4 .av-special-heading-tag .heading-char{\nfont-size:25px;\n}\n#top #wrap_all .av-special-heading.av-pqnj0-92388a6c1832cc506864cf687c1301c4 .av-special-heading-tag{\nfont-size:34px;\n}\n.av-special-heading.av-pqnj0-92388a6c1832cc506864cf687c1301c4 .special-heading-inner-border{\nborder-color:#ffffff;\n}\n.av-special-heading.av-pqnj0-92388a6c1832cc506864cf687c1301c4 .av-subheading{\nfont-size:15px;\n}\n<\/style>\n<div  class='av-special-heading av-pqnj0-92388a6c1832cc506864cf687c1301c4 av-special-heading-h3 custom-color-heading blockquote modern-quote  avia-builder-el-23  el_before_av_textblock  avia-builder-el-first  av-inherit-size'><div class='av_custom_color av-subheading av-subheading_above'><p>\u00bfQuieres ser parte de nuestro equipo?<\/p>\n<\/div><h3 class='av-special-heading-tag'  itemprop=\"headline\"  >Envianos tus datos<\/h3><div class=\"special-heading-border\"><div class=\"special-heading-inner-border\"><\/div><\/div><\/div><br \/>\n\n<style type=\"text\/css\" data-created_by=\"avia_inline_auto\" id=\"style-css-av-2afjw-fa683188523fb289f8fdef4a57440a6c\">\n#top .av_textblock_section.av-2afjw-fa683188523fb289f8fdef4a57440a6c .avia_textblock{\ncolor:#ffffff;\n}\n<\/style>\n<section  class='av_textblock_section av-2afjw-fa683188523fb289f8fdef4a57440a6c'  itemscope=\"itemscope\" itemtype=\"https:\/\/schema.org\/CreativeWork\" ><div class='avia_textblock av_inherit_color'  itemprop=\"text\" ><p>\u00danete a un equipo de profesionales altamente especializados y tecnolog\u00eda de vanguardia en Laboratorio SIAC<\/p>\n<\/div><\/section><br \/>\n\n<style type=\"text\/css\" data-created_by=\"avia_inline_auto\" id=\"style-css-av-flk0c-ea4fb1aeee50adce86c87f7ec4eadcf0\">\n#top .hr.hr-invisible.av-flk0c-ea4fb1aeee50adce86c87f7ec4eadcf0{\nheight:37px;\n}\n<\/style>\n<div  class='hr av-flk0c-ea4fb1aeee50adce86c87f7ec4eadcf0 hr-invisible  avia-builder-el-25  el_after_av_textblock  el_before_av_button '><span class='hr-inner '><span class=\"hr-inner-style\"><\/span><\/span><\/div><br \/>\n<div  class='avia-button-wrap av-96qlg-bbd863c693acd9115ecd0c5d12fccdf5-wrap avia-button-left  avia-builder-el-26  el_after_av_hr  avia-builder-el-last ' ><a href='#'  class='avia-button av-96qlg-bbd863c693acd9115ecd0c5d12fccdf5 avia-icon_select-no avia-size-medium avia-position-left avia-color-light' ><span class='avia_iconbox_title' >Enviar<\/span><\/a><\/div><\/p>\n<\/div><\/div><\/div><\/p>\n","protected":false},"excerpt":{"rendered":"","protected":false},"author":1,"featured_media":0,"parent":957,"menu_order":0,"comment_status":"closed","ping_status":"closed","template":"","meta":{"footnotes":""},"class_list":["post-948","page","type-page","status-publish","hentry"],"_links":{"self":[{"href":"https:\/\/laboratoriosiac.cl\/index.php\/wp-json\/wp\/v2\/pages\/948","targetHints":{"allow":["GET"]}}],"collection":[{"href":"https:\/\/laboratoriosiac.cl\/index.php\/wp-json\/wp\/v2\/pages"}],"about":[{"href":"https:\/\/laboratoriosiac.cl\/index.php\/wp-json\/wp\/v2\/types\/page"}],"author":[{"embeddable":true,"href":"https:\/\/laboratoriosiac.cl\/index.php\/wp-json\/wp\/v2\/users\/1"}],"replies":[{"embeddable":true,"href":"https:\/\/laboratoriosiac.cl\/index.php\/wp-json\/wp\/v2\/comments?post=948"}],"version-history":[{"count":8,"href":"https:\/\/laboratoriosiac.cl\/index.php\/wp-json\/wp\/v2\/pages\/948\/revisions"}],"predecessor-version":[{"id":1275,"href":"https:\/\/laboratoriosiac.cl\/index.php\/wp-json\/wp\/v2\/pages\/948\/revisions\/1275"}],"up":[{"embeddable":true,"href":"https:\/\/laboratoriosiac.cl\/index.php\/wp-json\/wp\/v2\/pages\/957"}],"wp:attachment":[{"href":"https:\/\/laboratoriosiac.cl\/index.php\/wp-json\/wp\/v2\/media?parent=948"}],"curies":[{"name":"wp","href":"https:\/\/api.w.org\/{rel}","templated":true}]}}